{"id":363,"date":"2024-03-20T03:24:57","date_gmt":"2024-03-20T03:24:57","guid":{"rendered":"http:\/\/149.28.109.94\/?page_id=363"},"modified":"2024-03-26T15:17:55","modified_gmt":"2024-03-26T15:17:55","slug":"quienes-somos","status":"publish","type":"page","link":"https:\/\/veciiino.com\/?page_id=363","title":{"rendered":"Quienes somos"},"content":{"rendered":"<style>\r\n.main-header .current-menu-item:not(.menu-item-type-custom){\r\n    background-color: var(--salmon)\r\n}\r\n\/*somos*\/\r\n.somos-sctn .maintitle {\r\n    font-weight: 900;\r\n    font-size: clamp(20px, 3.5vw, 52px);\r\n\tmargin:0\r\n}\r\n.title-col.title-bar {\r\n    justify-content: center;\r\n    background: var(--salmon);\r\n    padding: 20px;\r\n    position: relative;\r\n    box-shadow: 0 0 9px 3px rgba(0,0,0,0.55);\r\n    display: flex;\r\n\twidth: 100%;\r\n}\r\n.title-col.title-bar::before {\r\n    content: '';\r\n    background: var(--amarillo);\r\n    width: 100%;\r\n    height: 42px;\r\n    position: absolute;\r\n    bottom: 100%;\r\n    clip-path: polygon(0 0, 100% 100%, 100% 100%, 0% 100%);\r\n    transform: scaleX(-1);\r\n}\r\n.iiicon::before {\r\n    content: 'iii';\r\n    font-size: 31px;\r\n    background: var(--verde);\r\n    padding: 10px 12px 5px;\r\n    border-radius: 71px;\r\n    line-height: 20px;\r\n    width: 56px;\r\n    height: 56px;\r\n    display: flex;\r\n    align-items: center;\r\n    justify-content: center;\r\n\tfont-weight:900;\r\n}\r\n.iiicon {\r\n    font-size: 0;\r\n    display: flex;\r\n    bottom: -4px;\r\n    position: relative;\r\n}\r\n.title-bar .maintitle {\r\n    display: flex;\r\n    align-items: center;\r\n\tfont-weight:700;\r\n}\r\n.somos-sctn.section {\r\n    padding-right:0;\r\n    padding-left:0\r\n}\r\n.somos-sctn .section-wrap{\r\n    max-width: 100%;\r\n    display: flex;\r\n    flex-wrap: wrap;\r\n    justify-content: center;\r\n}\r\n.somos-sctn .somos-cont {\r\n    display:flex;\r\n    padding-top: 52px;\r\n    padding-bottom: 52px;\r\n    justify-content: flex-end;\r\n    align-items: center;\r\n    gap: 32px;\r\n    max-width: 1600px;\r\n}\r\n.somos-sctn .somos-cont .text-col{\r\n    width: 55%;\r\n    padding: 20px;\r\n}\r\n.somos-sctn .somos-cont .text-col p{\r\n    font-size: clamp(16px, 2vw, 26px);\r\n}\r\n.somos-sctn .somos-cont .img-col{\r\n    width: 45%\r\n}\r\n.somos-sctn .somos-cont .img-col img {\r\n    clip-path: polygon(0 9%, 100% 0%, 100% 94%, 0% 100%);\r\n}\r\n.somos-sctn .three-cont{\r\n    display:flex;\r\n    flex-wrap:wrap;\r\n    max-width: 1600px;\r\n    justify-content: space-between;\r\n    padding-bottom: 90px;\r\n    padding-left: 16px;\r\n    padding-right: 16px;\r\n    gap: 20px;\r\n}\r\n.somos-sctn .three-cont .mv-col{\r\n    width: 30%;\r\n    text-align:center\r\n}\r\n.somos-sctn .three-cont .mv-col img{\r\n    border-radius: 50%;\r\n    margin-bottom: 32px;\r\n    border-style:solid;\r\n    border-width: 8px\r\n}\r\n.somos-sctn .three-cont .mv-col p,\r\n.somos-sctn .three-cont .mv-col li{\r\n    font-size: clamp(16px, 1.8vw, 20px);\r\n    text-align:center;\r\n    font-weight: 500\r\n}\r\n.somos-sctn .three-cont .mv-col ul{\r\n    margin:0;\r\n    list-style: none\r\n}\r\n.somos-sctn .three-cont .mv-col .subtitle{\r\n    font-size: clamp(30px, 3.6vw, 50px);\r\n    font-weight: 700;\r\n    line-height: 1.2\r\n}\r\n.somos-sctn .three-cont .mision-col img{\r\n    border-color: var(--salmon)\r\n}\r\n.somos-sctn .three-cont .vision-col img{\r\n    border-color: var(--amarillo)\r\n}\r\n.somos-sctn .three-cont .valores-col img{\r\n    border-color: var(--verde)\r\n}\r\n@media(max-width: 800px){\r\n    .somos-sctn .three-cont .mv-col{\r\n        width: 46%;\r\n        max-width: 300px\r\n    }\r\n    .somos-sctn .three-cont{\r\n        justify-content:space-evenly\r\n    }\r\n    .somos-sctn .somos-cont{\r\n        flex-direction:column-reverse;\r\n        gap: 0;\r\n        padding-bottom: 20px;\r\n        padding-top: 20px;\r\n    }\r\n    .somos-sctn .somos-cont .text-col{\r\n        width: 100%;\r\n    }\r\n    .somos-sctn .somos-cont .img-col{\r\n        width: 100%;\r\n        display: flex;\r\n        justify-content: center;\r\n    }\r\n    .title-col.title-bar::before{\r\n        height: 30px\r\n    }\r\n}\r\n@media(max-width: 500px){\r\n    .somos-sctn .three-cont .mv-col{\r\n        width: 100%;\r\n    }\r\n    .title-col.title-bar::before{\r\n        height: 20px\r\n    }\r\n\t.iiicon::before {font-size: 18px !important;  height: 30px !important;  width: 30px !important;}\r\n\t.title-bar .maintitle {transform: scale(1.5);}\r\n\t.iiicon {bottom: -2px!important;}\r\n\t.iiicon::before {padding: 4px 5px 0 5px!important;}\r\n  }\r\n<\/style>\r\n<section class=\"section somos-sctn\">\r\n\t<div class=\"section-wrap\">\r\n\t\t<div class=\"title-col title-bar\">\r\n\t\t\t<h3 class=\"maintitle\">Qu<span class=\"iiicon\">i<\/span>enes somos<\/h3>\r\n\t\t<\/div>\r\n\t\t<div class=\"somos-cont\">\r\n\t\t\t<div class=\"text-col\">\r\n\t\t\t\t<p>Somos un emprendimiento venezolano que surgi\u00f3 en 2020 con la finalidad de atender a los segmentos CDE en el sector alimenticio. Nuestro compromiso es brindar cercan\u00eda, flexibilidad y disponibilidad en los lugares donde operamos.<\/p>\r\n\t\t\t\t<p>Actualmente, contamos con m\u00faltiples sucursales en Caracas y seguimos trabajando para expandirnos a\u00fan m\u00e1s en el \u00e1rea metropolitana. Nuestra misi\u00f3n es proporcionar experiencias \u00fanicas y un servicio de calidad a cada Veciiino que nos visite, al mismo tiempo que contribuimos al crecimiento y desarrollo de nuestra comunidad.<\/p>\r\n\t\t\t<\/div>\r\n\t\t\t<div class=\"img-col\">\r\n\t\t\t\t<img loading=\"lazy\" decoding=\"async\" src=\"\/wp-content\/uploads\/2024\/03\/Layer-ss.jpg\" alt=\"Equipo de Veciiino\" width=\"993\" height=\"995\" class=\"alignnone size-full wp-image-416\" srcset=\"https:\/\/veciiino.com\/wp-content\/uploads\/2024\/03\/Layer-ss.jpg 993w, https:\/\/veciiino.com\/wp-content\/uploads\/2024\/03\/Layer-ss-300x300.jpg 300w, https:\/\/veciiino.com\/wp-content\/uploads\/2024\/03\/Layer-ss-150x150.jpg 150w, https:\/\/veciiino.com\/wp-content\/uploads\/2024\/03\/Layer-ss-768x770.jpg 768w\" sizes=\"auto, (max-width: 993px) 100vw, 993px\" \/>\r\n\t\t\t<\/div>\r\n\t\t<\/div>\r\n\t\t<div class=\"three-cont\">\r\n\t\t\t<div class=\"mv-col mision-col\">\r\n\t\t\t\t<img loading=\"lazy\" decoding=\"async\" src=\"http:\/\/veciiino.com\/wp-content\/uploads\/2024\/03\/mision.jpg\" alt=\"Joven trabajador de Veciiino\" width=\"405\" height=\"406\" class=\"alignnone size-full wp-image-437\" srcset=\"https:\/\/veciiino.com\/wp-content\/uploads\/2024\/03\/mision.jpg 405w, https:\/\/veciiino.com\/wp-content\/uploads\/2024\/03\/mision-300x300.jpg 300w, https:\/\/veciiino.com\/wp-content\/uploads\/2024\/03\/mision-150x150.jpg 150w\" sizes=\"auto, (max-width: 405px) 100vw, 405px\" \/>\r\n\t\t\t\t\r\n\t\t\t\t<div class=\"text-col\">\r\n\t\t\t\t\t<h4 class=\"subtitle\">Misi\u00f3n<\/h4>\r\n\t\t\t\t\t<p>Ser una cadena de tiendas de venta de productos y servicios de conveniencia que ofrece cercan\u00eda, disponibilidad y flexibilidad, atendiendo a las necesidades diarias de sus clientes a los mejores precios, generando experiencias positivas y duraderas.<\/p>\r\n\t\t\t\t<\/div>\r\n\t\t\t<\/div>\r\n\t\t\t<div class=\"mv-col vision-col\">\r\n\t\t\t\t<img loading=\"lazy\" decoding=\"async\" src=\"\/wp-content\/uploads\/2024\/03\/Vision.jpg\" alt=\"Joven trabajador de Veciiino\" width=\"405\" height=\"406\" class=\"alignnone size-full wp-image-438\" srcset=\"https:\/\/veciiino.com\/wp-content\/uploads\/2024\/03\/Vision.jpg 405w, https:\/\/veciiino.com\/wp-content\/uploads\/2024\/03\/Vision-300x300.jpg 300w, https:\/\/veciiino.com\/wp-content\/uploads\/2024\/03\/Vision-150x150.jpg 150w\" sizes=\"auto, (max-width: 405px) 100vw, 405px\" \/>\r\n\t\t\t\t<div class=\"text-col\">\r\n\t\t\t\t\t<h4 class=\"subtitle\">Visi\u00f3n<\/h4>\r\n\t\t\t\t\t<p>Ser reconocidos como la mejor opci\u00f3n de nuestros clientes para atender sus necesidades con la mejor relaci\u00f3n precio-valor de productos, por nuestros colaboradores como la mejor opci\u00f3n para el desarrollo y por nuestros accionistas como una organizaci\u00f3n que crea valor, apegado a la ley, las mejores pr\u00e1cticas, y al bienestar del entorno social y geogr\u00e1fico.<\/p>\r\n\t\t\t\t<\/div>\r\n\t\t\t<\/div>\r\n\t\t\t<div class=\"mv-col valores-col\">\r\n\t\t\t\t<img loading=\"lazy\" decoding=\"async\" src=\"http:\/\/veciiino.com\/wp-content\/uploads\/2024\/03\/valores-2.jpg\" alt=\"Joven trabajador de Veciiino\" width=\"405\" height=\"406\" class=\"alignnone size-full wp-image-441\" srcset=\"https:\/\/veciiino.com\/wp-content\/uploads\/2024\/03\/valores-2.jpg 405w, https:\/\/veciiino.com\/wp-content\/uploads\/2024\/03\/valores-2-300x300.jpg 300w, https:\/\/veciiino.com\/wp-content\/uploads\/2024\/03\/valores-2-150x150.jpg 150w\" sizes=\"auto, (max-width: 405px) 100vw, 405px\" \/>\r\n\t\t\t\t<div class=\"text-col\">\r\n\t\t\t\t\t<h4 class=\"subtitle\">Valores<\/h4>\r\n\t\t\t\t\t<ul>\r\n\t\t\t\t\t\t<li>Empat\u00eda<\/li>\r\n\t\t\t\t\t\t<li>Amabilidad<\/li>\r\n\t\t\t\t\t\t<li>Orientaci\u00f3n al Cliente<\/li>\r\n\t\t\t\t\t\t<li>Conciencia de Equipo<\/li>\r\n\t\t\t\t\t\t<li>Compromiso<\/li>\r\n\t\t\t\t\t<\/ul>\r\n\t\t\t\t<\/div>\r\n\t\t\t<\/div>\r\n\t\t<\/div>\r\n\t<\/div>\r\n<\/section>\r\n","protected":false},"excerpt":{"rendered":"<p>Quienes somos Somos un emprendimiento venezolano que surgi\u00f3 en 2020 con la finalidad de atender a los segmentos CDE en el sector alimenticio. Nuestro compromiso es brindar cercan\u00eda, flexibilidad y disponibilidad en los lugares donde operamos. Actualmente, contamos con m\u00faltiples sucursales en Caracas y seguimos trabajando para expandirnos a\u00fan m\u00e1s en el \u00e1rea metropolitana. Nuestra &#8230; <a title=\"Quienes somos\" class=\"read-more\" href=\"https:\/\/veciiino.com\/?page_id=363\" aria-label=\"Leer m\u00e1s sobre Quienes somos\">Leer m\u00e1s<\/a><\/p>\n","protected":false},"author":1,"featured_media":0,"parent":0,"menu_order":0,"comment_status":"closed","ping_status":"closed","template":"","meta":{"footnotes":""},"class_list":["post-363","page","type-page","status-publish"],"acf":[],"_links":{"self":[{"href":"https:\/\/veciiino.com\/index.php?rest_route=\/wp\/v2\/pages\/363","targetHints":{"allow":["GET"]}}],"collection":[{"href":"https:\/\/veciiino.com\/index.php?rest_route=\/wp\/v2\/pages"}],"about":[{"href":"https:\/\/veciiino.com\/index.php?rest_route=\/wp\/v2\/types\/page"}],"author":[{"embeddable":true,"href":"https:\/\/veciiino.com\/index.php?rest_route=\/wp\/v2\/users\/1"}],"replies":[{"embeddable":true,"href":"https:\/\/veciiino.com\/index.php?rest_route=%2Fwp%2Fv2%2Fcomments&post=363"}],"version-history":[{"count":18,"href":"https:\/\/veciiino.com\/index.php?rest_route=\/wp\/v2\/pages\/363\/revisions"}],"predecessor-version":[{"id":442,"href":"https:\/\/veciiino.com\/index.php?rest_route=\/wp\/v2\/pages\/363\/revisions\/442"}],"wp:attachment":[{"href":"https:\/\/veciiino.com\/index.php?rest_route=%2Fwp%2Fv2%2Fmedia&parent=363"}],"curies":[{"name":"wp","href":"https:\/\/api.w.org\/{rel}","templated":true}]}}